{"id":2,"date":"2016-05-10T03:48:21","date_gmt":"2016-05-10T03:48:21","guid":{"rendered":"http:\/\/hamacher-brandschutz.de\/?page_id=2"},"modified":"2019-04-23T19:28:57","modified_gmt":"2019-04-23T17:28:57","slug":"sample-page","status":"publish","type":"page","link":"https:\/\/www.hamacher-brandschutz.de\/","title":{"rendered":"Startseite"},"content":{"rendered":"<h3>Willkommen beim Ingenieurb\u00fcro Hamacher,<br \/>\nIhr Ingenieur- und Sachverst\u00e4ndigenb\u00fcro f\u00fcr Brandschutz<\/h3>\n<blockquote><p>HAMACHER\u00a0Ingenieurb\u00fcro f\u00fcr Brandschutz<\/p>\n<p>Michael Hamacher, M.Eng.<br \/>\nstaatlich anerkannter Sachverst\u00e4ndiger<br \/>\nf\u00fcr die Pr\u00fcfung des Brandschutzes<\/p>\n<p>An der Eickesm\u00fchle 39<br \/>\n41238 M\u00f6nchengladbach<\/p>\n<p>Telefon: +49\u2009(0)\u20092166\u2009-\u2009133 90 6 &#8211; 0<br \/>\nTelefax: +49\u2009(0)\u20092166\u2009-\u2009133 90 6-66<\/p>\n<p><a href=\"mailto:info@hamacher-brandschutz.de\">info(at)hamacher-brandschutz.de<\/a><br \/>\nwww.hamacher-brandschutz.de<\/p><\/blockquote>\n<p style=\"text-align: right;\">\n","protected":false},"excerpt":{"rendered":"<p>Willkommen beim Ingenieurb\u00fcro Hamacher, Ihr Ingenieur- und Sachverst\u00e4ndigenb\u00fcro f\u00fcr Brandschutz HAMACHER\u00a0Ingenieurb\u00fcro f\u00fcr Brandschutz Michael Hamacher, M.Eng. staatlich anerkannter Sachverst\u00e4ndiger f\u00fcr die Pr\u00fcfung des Brandschutzes An der Eickesm\u00fchle 39 41238 M\u00f6nchengladbach Telefon: +49\u2009(0)\u20092166\u2009-\u2009133 90 6 &#8211; 0 Telefax: +49\u2009(0)\u20092166\u2009-\u2009133 90 6-66 info(at)hamacher-brandschutz.de www.hamacher-brandschutz.de<\/p>\n","protected":false},"author":1,"featured_media":0,"parent":0,"menu_order":0,"comment_status":"closed","ping_status":"open","template":"","meta":{"footnotes":""},"class_list":["post-2","page","type-page","status-publish","hentry"],"_links":{"self":[{"href":"https:\/\/www.hamacher-brandschutz.de\/index.php?rest_route=\/wp\/v2\/pages\/2","targetHints":{"allow":["GET"]}}],"collection":[{"href":"https:\/\/www.hamacher-brandschutz.de\/index.php?rest_route=\/wp\/v2\/pages"}],"about":[{"href":"https:\/\/www.hamacher-brandschutz.de\/index.php?rest_route=\/wp\/v2\/types\/page"}],"author":[{"embeddable":true,"href":"https:\/\/www.hamacher-brandschutz.de\/index.php?rest_route=\/wp\/v2\/users\/1"}],"replies":[{"embeddable":true,"href":"https:\/\/www.hamacher-brandschutz.de\/index.php?rest_route=%2Fwp%2Fv2%2Fcomments&post=2"}],"version-history":[{"count":6,"href":"https:\/\/www.hamacher-brandschutz.de\/index.php?rest_route=\/wp\/v2\/pages\/2\/revisions"}],"predecessor-version":[{"id":57,"href":"https:\/\/www.hamacher-brandschutz.de\/index.php?rest_route=\/wp\/v2\/pages\/2\/revisions\/57"}],"wp:attachment":[{"href":"https:\/\/www.hamacher-brandschutz.de\/index.php?rest_route=%2Fwp%2Fv2%2Fmedia&parent=2"}],"curies":[{"name":"wp","href":"https:\/\/api.w.org\/{rel}","templated":true}]}}