{"id":31,"date":"2017-08-30T22:36:10","date_gmt":"2017-08-30T20:36:10","guid":{"rendered":"http:\/\/hamacher-brandschutz.de\/?page_id=31"},"modified":"2017-09-03T19:50:13","modified_gmt":"2017-09-03T17:50:13","slug":"impressum","status":"publish","type":"page","link":"https:\/\/www.hamacher-brandschutz.de\/?page_id=31","title":{"rendered":"Impressum"},"content":{"rendered":"<p>&nbsp;<\/p>\n<p>HAMACHER\u00a0Ingenieurb\u00fcro f\u00fcr Brandschutz<\/p>\n<p>Michael Hamacher, M.Eng.<\/p>\n<p>An der Eickesm\u00fchle 39<br \/>\n41238 M\u00f6nchengladbach<\/p>\n<p>Telefon: +49\u2009(0)\u20092166\u2009-\u2009133 90 6 &#8211; 0<br \/>\nTelefax: +49\u2009(0)\u20092166\u2009-\u2009133 90 6-66<\/p>\n<p><a href=\"mailto:info@hamacher-brandschutz.de\">info(at)hamacher-brandschutz.de<\/a><br \/>\nwww.hamacher-brandschutz.de<\/p>\n<p>Inhaber: Michael Hamacher<\/p>\n<p>Zust\u00e4ndige Aufsichtsbeh\u00f6rde:<br \/>\nIngenieurkammer-Bau Nordrhein-Westfalen, Zollhof 2, 40221 D\u00fcsseldorf<\/p>\n<p>Verantwortlicher \/ Verantwortliche f\u00fcr journalistisch-redaktionelle Texte:<br \/>\nMichael Hamacher<\/p>\n<div><\/div>\n<div><\/div>\n<div><strong>Datenschutzerkl\u00e4rung<\/strong><\/div>\n<p>Wir sind uns dar\u00fcber bewusst, dass Ihnen der Schutz Ihrer Privatsph\u00e4re bei der Benutzung unserer Websites ein wichtiges Anliegen ist. Wir nehmen den Schutz Ihrer pers\u00f6nlichen Daten sehr ernst. Deshalb m\u00f6chten wir, dass Sie wissen, wann wir welche Daten speichern und wie wir sie verwenden. Wir m\u00f6chten Sie deshalb mit dieser Datenschutzerkl\u00e4rung \u00fcber unsere Ma\u00dfnahmen zum Datenschutz in Kenntnis setzen.<\/p>\n<p><strong>Erhebung und Verarbeitung pers\u00f6nlicher Daten<\/strong><br \/>\nPersonenbezogene Daten werden nur dann erhoben, wenn Sie uns diese von sich aus, z.B. im Rahmen einer Registrierung, durch das Ausf\u00fcllen von Formularen oder das Versenden von E-Mails, im Rahmen der Bestellung von Produkten oder Dienstleistungen, Anfragen oder Anforderung von Material oder im Mitgliederbereich zur Verf\u00fcgung stellen. Die Datenbank und ihre Inhalte bleiben bei uns und unserem technischen Diensteanbieter. Ihre pers\u00f6nlichen Daten werden in keiner Form von uns oder von uns beauftragten Personen Dritten zur Verf\u00fcgung gestellt, es sei denn, dass hierzu Ihr Einverst\u00e4ndnis oder eine beh\u00f6rdliche Anordnung vorliegt.<\/p>\n<p><strong>Verwendungszwecke<\/strong><br \/>\nDie von Ihnen erfassten pers\u00f6nlichen Daten werden wir nur dazu verwenden, Ihnen die gew\u00fcnschten Produkte oder Dienstleistungen bereitzustellen, oder aber zu anderen Zwecken, f\u00fcr die Sie Ihre Einwilligung erteilt haben, sofern keine anderslautenden gesetzlichen Verpflichtungen bestehen.<\/p>\n<p><strong>Zugriffs- und Berichtigungsrecht<\/strong><br \/>\nSie haben das Recht, alle auf Ihre Person bezogenen Daten, die bei uns gespeichert sind, zu \u00fcberpr\u00fcfen und zu berichtigen, wenn sie Ihrer Meinung nach veraltet oder unrichtig sind. Hierzu gen\u00fcgt eine E-Mail an die im Impressum genannte E-Mail-Adresse.<\/p>\n<p><strong>Recht auf Widerruf<\/strong><br \/>\nSie sind berechtigt, die Einwilligung in die Verwendung personenbezogener Daten jederzeit mit Wirkung f\u00fcr die Zukunft zu widerrufen. Hierzu gen\u00fcgt eine E-Mail an die im Impressum genannte E-Mail-Adresse.<\/p>\n<p><strong>Aufbewahrung von Daten (Data Retention)<\/strong><br \/>\nWir speichern personenbezogene Daten so lange, wie es n\u00f6tig ist, um eine Dienstleistung auszuf\u00fchren, die Sie gew\u00fcnscht oder zu der Sie Ihre Einwilligung erteilt haben, sofern keine anderslautenden gesetzlichen Verpflichtungen bestehen wie zum Beispiel bei laufenden Gerichtsverfahren.<\/p>\n<p><strong>Einsatz von Cookies<\/strong><br \/>\nIn einigen Bereichen der Website werden sogenannte Cookies eingesetzt, um Ihnen unsere Leistung individueller zur Verf\u00fcgung stellen zu k\u00f6nnen. Cookies sind Kennungen, die ein Webserver an Ihren Computer senden kann, um ihn f\u00fcr die Dauer des Besuches zu identifizieren. Die meisten Browser sind so eingestellt, dass sie Cookies automatisch akzeptieren. Sie k\u00f6nnen das Speichern von Cookies aber auch deaktivieren oder Ihren Browser so einstellen, dass er Sie \u00fcber die Platzierung von Cookies informiert. Sofern Cookies nicht nur f\u00fcr die Dauer der jeweiligen Sitzung gespeichert und danach automatisiert gel\u00f6scht werden, sondern l\u00e4ngerfristig auf Ihrem Rechner abgelegt werden sollen, werden Sie beim Setzen eines solchen Cookies unterrichtet.<\/p>\n<p><strong>Sicherheit<\/strong><br \/>\nWir setzen technische und organisatorische Sicherheitsma\u00dfnahmen ein, um Ihre zur Verf\u00fcgung gestellten Daten durch zuf\u00e4llige oder vors\u00e4tzliche Manipulation, Verlust, Zerst\u00f6rung oder Zugriff unberechtigter Personen zu sch\u00fctzen. Im Falle der Erhebung und Verarbeitung pers\u00f6nlicher Daten werden die Informationen in verschl\u00fcsselter Form \u00fcbertragen, um einem Missbrauch der Daten durch Dritte vorzubeugen. Unsere Sicherungsma\u00dfnahmen werden entsprechend der technologischen Entwicklung fortlaufend \u00fcberarbeitet.<\/p>\n<p><strong>Kinder<\/strong><br \/>\nDer Schutz der Privatsph\u00e4re von Kindern ist ein wichtiges Thema. Aus diesem Grund erheben, verarbeiten und nutzen wir auf unserer Webseite keine Informationen von Personen, von denen uns bekannt ist, dass sie unter 13 Jahre alt sind, ohne zuvor die nachpr\u00fcfbare Zustimmung eines gesetzlichen Vertreters eingeholt zu haben. Auf Anfrage k\u00f6nnen die gesetzlichen Vertreter die von ihrem Kind gegebenen Informationen einsehen bzw. verlangen, dass sie gel\u00f6scht werden.<\/p>\n<p><strong>Anpassungen<\/strong><br \/>\nDie st\u00e4ndige Entwicklung des Internet macht von Zeit zu Zeit Anpassungen unserer Datenschutzerkl\u00e4rung erforderlich. Wir behalten uns vor, jederzeit entsprechende \u00c4nderungen vorzunehmen.<\/p>\n","protected":false},"excerpt":{"rendered":"<p>&nbsp; HAMACHER\u00a0Ingenieurb\u00fcro f\u00fcr Brandschutz Michael Hamacher, M.Eng. An der Eickesm\u00fchle 39 41238 M\u00f6nchengladbach Telefon: +49\u2009(0)\u20092166\u2009-\u2009133 90 6 &#8211; 0 Telefax: +49\u2009(0)\u20092166\u2009-\u2009133 90 6-66 info(at)hamacher-brandschutz.de www.hamacher-brandschutz.de Inhaber: Michael Hamacher Zust\u00e4ndige Aufsichtsbeh\u00f6rde: Ingenieurkammer-Bau Nordrhein-Westfalen, Zollhof 2, 40221 D\u00fcsseldorf Verantwortlicher \/ Verantwortliche f\u00fcr journalistisch-redaktionelle Texte: Michael Hamacher Datenschutzerkl\u00e4rung Wir sind uns dar\u00fcber bewusst, dass Ihnen der Schutz Ihrer [&hellip;]<\/p>\n","protected":false},"author":1,"featured_media":0,"parent":0,"menu_order":0,"comment_status":"closed","ping_status":"closed","template":"","meta":{"footnotes":""},"class_list":["post-31","page","type-page","status-publish","hentry"],"_links":{"self":[{"href":"https:\/\/www.hamacher-brandschutz.de\/index.php?rest_route=\/wp\/v2\/pages\/31","targetHints":{"allow":["GET"]}}],"collection":[{"href":"https:\/\/www.hamacher-brandschutz.de\/index.php?rest_route=\/wp\/v2\/pages"}],"about":[{"href":"https:\/\/www.hamacher-brandschutz.de\/index.php?rest_route=\/wp\/v2\/types\/page"}],"author":[{"embeddable":true,"href":"https:\/\/www.hamacher-brandschutz.de\/index.php?rest_route=\/wp\/v2\/users\/1"}],"replies":[{"embeddable":true,"href":"https:\/\/www.hamacher-brandschutz.de\/index.php?rest_route=%2Fwp%2Fv2%2Fcomments&post=31"}],"version-history":[{"count":4,"href":"https:\/\/www.hamacher-brandschutz.de\/index.php?rest_route=\/wp\/v2\/pages\/31\/revisions"}],"predecessor-version":[{"id":54,"href":"https:\/\/www.hamacher-brandschutz.de\/index.php?rest_route=\/wp\/v2\/pages\/31\/revisions\/54"}],"wp:attachment":[{"href":"https:\/\/www.hamacher-brandschutz.de\/index.php?rest_route=%2Fwp%2Fv2%2Fmedia&parent=31"}],"curies":[{"name":"wp","href":"https:\/\/api.w.org\/{rel}","templated":true}]}}